{"id":8,"date":"2019-05-08T23:35:42","date_gmt":"2019-05-08T21:35:42","guid":{"rendered":"https:\/\/gag89.ddnss.de\/?page_id=8"},"modified":"2019-05-12T20:21:53","modified_gmt":"2019-05-12T18:21:53","slug":"startseite","status":"publish","type":"page","link":"https:\/\/gag89.ddnss.de\/","title":{"rendered":"Startseite"},"content":{"rendered":"<p>Willkommen auf der Website der Abschlussklasse 1989 des Gymnasiums am Geroweiher!<\/p>\n<p>Hier seht ihr den \u00f6ffentlichen Teil der Webseite.<br \/>\nWenn ihr mehr sehen wollt k\u00f6nnt ihr den Zugangsbeschr\u00e4nkten <a href=\"https:\/\/gag89.ddnss.de\/?page_id=11\">Blog<\/a> anschauen.<\/p>\n","protected":false},"excerpt":{"rendered":"<p>Willkommen auf der Website der Abschlussklasse 1989 des Gymnasiums am Geroweiher! Hier seht ihr den \u00f6ffentlichen Teil der Webseite. Wenn ihr mehr sehen wollt k\u00f6nnt ihr den Zugangsbeschr\u00e4nkten Blog anschauen.<\/p>\n","protected":false},"author":1,"featured_media":0,"parent":0,"menu_order":0,"comment_status":"closed","ping_status":"closed","template":"","meta":{"footnotes":""},"class_list":["post-8","page","type-page","status-publish","hentry"],"_links":{"self":[{"href":"https:\/\/gag89.ddnss.de\/index.php?rest_route=\/wp\/v2\/pages\/8","targetHints":{"allow":["GET"]}}],"collection":[{"href":"https:\/\/gag89.ddnss.de\/index.php?rest_route=\/wp\/v2\/pages"}],"about":[{"href":"https:\/\/gag89.ddnss.de\/index.php?rest_route=\/wp\/v2\/types\/page"}],"author":[{"embeddable":true,"href":"https:\/\/gag89.ddnss.de\/index.php?rest_route=\/wp\/v2\/users\/1"}],"replies":[{"embeddable":true,"href":"https:\/\/gag89.ddnss.de\/index.php?rest_route=%2Fwp%2Fv2%2Fcomments&post=8"}],"version-history":[{"count":3,"href":"https:\/\/gag89.ddnss.de\/index.php?rest_route=\/wp\/v2\/pages\/8\/revisions"}],"predecessor-version":[{"id":324,"href":"https:\/\/gag89.ddnss.de\/index.php?rest_route=\/wp\/v2\/pages\/8\/revisions\/324"}],"wp:attachment":[{"href":"https:\/\/gag89.ddnss.de\/index.php?rest_route=%2Fwp%2Fv2%2Fmedia&parent=8"}],"curies":[{"name":"wp","href":"https:\/\/api.w.org\/{rel}","templated":true}]}}